{"id":1411,"date":"2022-04-01T14:10:55","date_gmt":"2022-04-01T12:10:55","guid":{"rendered":"https:\/\/abalone.hr\/?page_id=1411"},"modified":"2023-04-28T10:42:37","modified_gmt":"2023-04-28T08:42:37","slug":"o-nama","status":"publish","type":"page","link":"https:\/\/abalone.hr\/hr\/abalone-hotel\/o-nama\/","title":{"rendered":"O Hotelu"},"content":{"rendered":"<div class=\"wpb-content-wrapper\"><p>[vc_row equal_height=&#8221;yes&#8221; content_placement=&#8221;bottom&#8221; parallax=&#8221;content-moving&#8221; parallax_image=&#8221;2277&#8243; parallax_speed_bg=&#8221;1&#8243; css=&#8221;.vc_custom_1676885816319{padding-top: 100px !important;padding-bottom: 80px !important;background-position: center;background-repeat: no-repeat !important;background-size: cover !important;}&#8221; el_class=&#8221;xt-grid xt-banner&#8221;][vc_column el_class=&#8221;xt-white&#8221; offset=&#8221;vc_col-lg-offset-3 vc_col-lg-6&#8243;][vc_column_text css_animation=&#8221;none&#8221;]<\/p>\n<h1 style=\"text-align: center;\">O Hotelu Abalone<\/h1>\n<p>[\/vc_column_text][vc_empty_space height=&#8221;20px&#8221;][\/vc_column][\/vc_row][vc_row el_class=&#8221;xt-row xt-grid&#8221; css=&#8221;.vc_custom_1616885615854{padding-top: 120px !important;padding-bottom: 100px !important;}&#8221;][vc_column width=&#8221;1\/2&#8243;][vc_column_text]Smje\u0161ten na Crikveni\u010dkoj rivijeri koja se sastoji od 8 km pla\u017ea i uvala, hotel Abalone sastoji se od dvije vile \u2013 Ville Irena i Ville Hilda. U svakoj vili mo\u017eete birati izme\u0111u modernih soba i apartmana te do\u017eivjeti iznimnu razinu usluge.<\/p>\n<p>Hotel se nalazi u sjevernom dijelu Kvarnerskog zaljeva, u pitoresknom Dramlju, u neposrednoj blizini turisti\u010dkog mjesta Crikvenica. Cijelo mjesto i okolica nude razne prirodnie atrakcije, pla\u017ee, restorane i barove.<\/p>\n<p>Odaberite \u017eeljenu vrstu smje\u0161taja, a mi \u0107emo se pobrinuti da ispunimo va\u0161a o\u010dekivanja na temelju onoga \u0161to vam je va\u017eno, pogleda na more ili sobe po ni\u017eoj cijeni. Na\u0161 tim uvijek vam stoji na raspolaganju za svaki tip smje\u0161taja, bilo da tra\u017eite sobu ili apartman. Sve na\u0161e sobe i apartmani u hotelu Abalone opremljeni su dizajnerskim i ru\u010dno ra\u0111enim namje\u0161tajem.<\/p>\n<p>Rezervirajte svoj sljede\u0107i odmor u Hrvatskoj u prekrasnim sobama i apartmanima hotela Abalone[\/vc_column_text][vc_empty_space height=&#8221;20px&#8221;]<a class=\" xt-button--blue xt-button\" href=\"https:\/\/abalone.hr\/hr\/book\/\" style=\" \">REZERVIRAJTE SADA<\/a>[vc_empty_space height=&#8221;20px&#8221;][\/vc_column][vc_column width=&#8221;1\/2&#8243;][vc_single_image image=&#8221;982&#8243; img_size=&#8221;large&#8221; alignment=&#8221;center&#8221; onclick=&#8221;link_image&#8221; el_class=&#8221;xt-img-side&#8221;][vc_single_image image=&#8221;980&#8243; img_size=&#8221;large&#8221; alignment=&#8221;center&#8221; onclick=&#8221;link_image&#8221; el_class=&#8221;xt-img-side&#8221;][vc_empty_space height=&#8221;20px&#8221;][\/vc_column][\/vc_row][vc_row el_class=&#8221;xt-row xt-grid xt-center&#8221; css=&#8221;.vc_custom_1616927074512{padding-top: 120px !important;padding-bottom: 100px !important;background-color: #f7f7f7 !important;}&#8221; el_id=&#8221;features&#8221;][vc_column][vc_column_text]<\/p>\n<h2>Usluga &amp; Pogodnosti<\/h2>\n<p>[\/vc_column_text][vc_empty_space height=&#8221;30px&#8221;][vc_empty_space height=&#8221;30px&#8221;][vc_row_inner equal_height=&#8221;yes&#8221; el_class=&#8221;xt-left&#8221;][vc_column_inner width=&#8221;1\/3&#8243;][vc_single_image image=&#8221;998&#8243; img_size=&#8221;full&#8221; alignment=&#8221;center&#8221;][vc_empty_space height=&#8221;20px&#8221;][vc_column_text]<\/p>\n<h4>Doru\u010dak<\/h4>\n<p>[\/vc_column_text][vc_column_text]Doru\u010dak se poslu\u017euje od 7.30 do 10.30 sati.<\/p>\n<p>U\u017eivajte u doru\u010dku u restoranu ili na jednoj od na\u0161ih vanjskih terasa. Hotel Abalone nudi bogat i raznolik \u0161vedski stol za sva\u010diji ukus.[\/vc_column_text][vc_empty_space height=&#8221;20px&#8221;][\/vc_column_inner][vc_column_inner width=&#8221;1\/3&#8243;][vc_single_image image=&#8221;990&#8243; img_size=&#8221;full&#8221; alignment=&#8221;center&#8221;][vc_empty_space height=&#8221;20px&#8221;][vc_column_text]<\/p>\n<h4>Posluga u sobu<\/h4>\n<p>[\/vc_column_text][vc_column_text]Ako ne \u017eelite napustiti svoju sobu, uz prethodnu najavu, poslu\u017eujemo doru\u010dak u sobi bez dodatne naknade.<\/p>\n<p>Osoblje hotela Abalone je tu da u\u010dini va\u0161 odmor \u0161to ugodnijim<br \/>\n[\/vc_column_text][vc_empty_space height=&#8221;20px&#8221;][\/vc_column_inner][vc_column_inner width=&#8221;1\/3&#8243;][vc_single_image image=&#8221;2272&#8243; img_size=&#8221;full&#8221; alignment=&#8221;center&#8221;][vc_empty_space height=&#8221;20px&#8221;][vc_column_text]<\/p>\n<h4>Bazen<\/h4>\n<p>[\/vc_column_text][vc_column_text]Luksuz smo digli na drugu razinu izgradnjom novog vanjskog grijanog bazena.<\/p>\n<p>Bazen je smje\u0161ten u ogra\u0111enom vrtu, uz le\u017ealjke pored bazena.<br \/>\n[\/vc_column_text][vc_empty_space height=&#8221;20px&#8221;][\/vc_column_inner][\/vc_row_inner][vc_row_inner equal_height=&#8221;yes&#8221; el_class=&#8221;xt-left&#8221;][vc_column_inner width=&#8221;1\/3&#8243;][vc_single_image image=&#8221;988&#8243; img_size=&#8221;full&#8221; alignment=&#8221;center&#8221;][vc_empty_space height=&#8221;20px&#8221;][vc_column_text]<\/p>\n<h4>Mediteranska ljetna terasa<\/h4>\n<p>[\/vc_column_text][vc_column_text]Opustite se u hladovini stoljetnih cedrova i osvje\u017eite se pi\u0107em iz na\u0161eg bara. Ni\u0161ta nije tako opu\u0161taju\u0107e kao opu\u0161tanje na Mediteranskoj ljetnoj terasi hotela.[\/vc_column_text][vc_empty_space height=&#8221;20px&#8221;][\/vc_column_inner][vc_column_inner width=&#8221;1\/3&#8243;][vc_single_image image=&#8221;994&#8243; img_size=&#8221;full&#8221; alignment=&#8221;center&#8221;][vc_empty_space height=&#8221;20px&#8221;][vc_column_text]<\/p>\n<h4>Dje\u010dja igraonica<\/h4>\n<p>[\/vc_column_text][vc_column_text]Razmi\u0161ljali smo i o na\u0161im malim gostima, pa smo dio na\u0161eg prostora odvojili samo za njih. Igraonica za najmla\u0111e nalazi se u blizini vanjskog bazena.[\/vc_column_text][vc_empty_space height=&#8221;20px&#8221;][\/vc_column_inner][vc_column_inner width=&#8221;1\/3&#8243;][vc_single_image image=&#8221;996&#8243; img_size=&#8221;full&#8221; alignment=&#8221;center&#8221;][vc_empty_space height=&#8221;20px&#8221;][vc_column_text]<\/p>\n<h4>Gara\u017ea i parking<\/h4>\n<p>[\/vc_column_text][vc_column_text]Obavezno unaprijed rezervirajte svoj boravak s obilje\u017eenim parkkirnim mjestom u gara\u017ei. Dnevna naknada iznosi 15 \u20ac.<\/p>\n<p>Ovisno o raspolo\u017eivosti, mo\u017eete besplatno parkirati svoje vozilo ispred hotela. Rezervacija vanjskog parkinga nije mogu\u0107a.[\/vc_column_text][vc_empty_space height=&#8221;20px&#8221;][\/vc_column_inner][\/vc_row_inner][\/vc_column][\/vc_row][vc_row el_class=&#8221;xt-row xt-grid&#8221; css=&#8221;.vc_custom_1616885615854{padding-top: 120px !important;padding-bottom: 100px !important;}&#8221;][vc_column width=&#8221;1\/2&#8243;][vc_column_text]<\/p>\n<h2>Pla\u017ee<\/h2>\n<p>Rivijera Crikvenica obiluje prekrasnim uvalama i pla\u017eama. Neke od njih su smje\u0161tene na osamljenim mjestima, \u0161to ih \u010dini savr\u0161enim za otkrivanje i u\u017eivanje u miru i ti\u0161ini.<\/p>\n<p>Ostale crikveni\u010dke pla\u017ee, imaju sve sadr\u017eaje koji su potrebni modernim kupa\u010dima i turistima, uklju\u010duju\u0107i tu\u0161eve i ure\u0111ena sun\u010dali\u0161ta.<\/p>\n<p>Neke pla\u017ee su pje\u0161\u010dane, a neke \u0161ljun\u010dane, ali sve su \u010diste i uredne s prekrasnim Jadranskim morem samo na korak<br \/>\n[\/vc_column_text][vc_empty_space height=&#8221;20px&#8221;][\/vc_column][vc_column width=&#8221;1\/2&#8243;][vc_single_image image=&#8221;348&#8243; img_size=&#8221;full&#8221;][vc_empty_space height=&#8221;20px&#8221;][\/vc_column][\/vc_row][vc_row el_class=&#8221;xt-row xt-grid xt-row-swap&#8221; css=&#8221;.vc_custom_1616887740269{padding-top: 120px !important;padding-bottom: 100px !important;background-color: #f7f7f7 !important;}&#8221;][vc_column width=&#8221;1\/2&#8243;][vc_column_text]<\/p>\n<h2>Vjen\u010danja<\/h2>\n<p>Hotel Abalone nudi organizaciju malih, boutique vjen\u010danja koja se ne moraju planirati mjesecima unaprijed.<\/p>\n<p>Poklon hotela Abalone za mladence:<\/p>\n<ul>\n<li>Apartman za medeni mjesec<\/li>\n<li>Pjenu\u0161ac u apartmanu<\/li>\n<li>Doru\u010dak serviran u apartmanu<\/li>\n<\/ul>\n<p>Dodatne usluge potrebne za ovu priliku, po pristupa\u010dnim cijenama, mogu\u0107e je dogovoriti prema \u017eeljama mladenaca:<\/p>\n<ul>\n<li>Dogovaranje koli\u010dina i vrsta pi\u0107a<\/li>\n<li>Odabir cvjetnih ukrasa<\/li>\n<li>Odabir ukrasa za mjesto vjen\u010danja<\/li>\n<li>Smje\u0161taj gostiju<\/li>\n<\/ul>\n<p>Za sve informacije kontaktirajte nas na\u00a0<a href=\"mailto:info@abalone.hr\"><strong>info@abalone.hr<\/strong><\/a>\u00a0ili na broj telefona\u00a0<a href=\"tel:+38551690100\"><strong>+385 (0)51 690 100<\/strong><\/a>.[\/vc_column_text][vc_empty_space height=&#8221;20px&#8221;][\/vc_column][vc_column width=&#8221;1\/2&#8243;][vc_single_image image=&#8221;1013&#8243; img_size=&#8221;full&#8221;][vc_empty_space height=&#8221;20px&#8221;][\/vc_column][\/vc_row]<\/p>\n<\/div>","protected":false},"excerpt":{"rendered":"<p>[vc_row equal_height=&#8221;yes&#8221; content_placement=&#8221;bottom&#8221; parallax=&#8221;content-moving&#8221; parallax_image=&#8221;2277&#8243; parallax_speed_bg=&#8221;1&#8243; css=&#8221;.vc_custom_1676885816319{padding-top: 100px !important;padding-bottom: 80px !important;background-position: center;background-repeat: no-repeat !important;background-size: cover !important;}&#8221; el_class=&#8221;xt-grid xt-banner&#8221;][vc_column el_class=&#8221;xt-white&#8221; offset=&#8221;vc_col-lg-offset-3 &#8230; <a title=\"O Hotelu\" class=\"read-more\" href=\"https:\/\/abalone.hr\/hr\/abalone-hotel\/o-nama\/\" aria-label=\"Read more about O Hotelu\">Pro\u010ditaj vi\u0161e<\/a><\/p>\n","protected":false},"author":4,"featured_media":0,"parent":1376,"menu_order":0,"comment_status":"closed","ping_status":"closed","template":"page-visual.php","meta":{"_acf_changed":false,"footnotes":""},"class_list":["post-1411","page","type-page","status-publish"],"acf":[],"_links":{"self":[{"href":"https:\/\/abalone.hr\/hr\/wp-json\/wp\/v2\/pages\/1411","targetHints":{"allow":["GET"]}}],"collection":[{"href":"https:\/\/abalone.hr\/hr\/wp-json\/wp\/v2\/pages"}],"about":[{"href":"https:\/\/abalone.hr\/hr\/wp-json\/wp\/v2\/types\/page"}],"author":[{"embeddable":true,"href":"https:\/\/abalone.hr\/hr\/wp-json\/wp\/v2\/users\/4"}],"replies":[{"embeddable":true,"href":"https:\/\/abalone.hr\/hr\/wp-json\/wp\/v2\/comments?post=1411"}],"version-history":[{"count":15,"href":"https:\/\/abalone.hr\/hr\/wp-json\/wp\/v2\/pages\/1411\/revisions"}],"predecessor-version":[{"id":2326,"href":"https:\/\/abalone.hr\/hr\/wp-json\/wp\/v2\/pages\/1411\/revisions\/2326"}],"up":[{"embeddable":true,"href":"https:\/\/abalone.hr\/hr\/wp-json\/wp\/v2\/pages\/1376"}],"wp:attachment":[{"href":"https:\/\/abalone.hr\/hr\/wp-json\/wp\/v2\/media?parent=1411"}],"curies":[{"name":"wp","href":"https:\/\/api.w.org\/{rel}","templated":true}]}}