{"id":1325,"date":"2022-04-01T12:52:05","date_gmt":"2022-04-01T10:52:05","guid":{"rendered":"https:\/\/abalone.hr\/?page_id=1325"},"modified":"2023-02-20T09:51:18","modified_gmt":"2023-02-20T08:51:18","slug":"smjestaj","status":"publish","type":"page","link":"https:\/\/abalone.hr\/hr\/abalone-hotel\/smjestaj\/","title":{"rendered":"Smje\u0161taj"},"content":{"rendered":"<div class=\"wpb-content-wrapper\"><p>[vc_row equal_height=&#8221;yes&#8221; content_placement=&#8221;bottom&#8221; parallax=&#8221;content-moving&#8221; parallax_image=&#8221;1017&#8243; css=&#8221;.vc_custom_1622114358621{padding-top: 100px !important;padding-bottom: 80px !important;background-position: center;background-repeat: no-repeat !important;background-size: cover !important;}&#8221; el_class=&#8221;xt-grid xt-banner&#8221;][vc_column el_class=&#8221;xt-white&#8221; offset=&#8221;vc_col-lg-offset-3 vc_col-lg-6&#8243;][vc_column_text css_animation=&#8221;none&#8221;]<\/p>\n<h1 style=\"text-align: center;\">Smje\u0161taj<\/h1>\n<p>[\/vc_column_text][vc_empty_space height=&#8221;20px&#8221;][\/vc_column][\/vc_row][vc_row css=&#8221;.vc_custom_1618750202480{padding-top: 80px !important;padding-bottom: 60px !important;}&#8221; el_class=&#8221;xt-row xt-grid&#8221;][vc_column width=&#8221;1\/2&#8243;][vc_column_text]<strong>Na\u0161i apartmani<\/strong> veliki su i prostrani, ure\u0111eni dizajnerskim i ru\u010dno ra\u0111enim namje\u0161tajem koji \u0107e osigurati Va\u0161 savr\u0161en odmor u Hrvatskoj. Opremljeni su kuhinjom, SAT \u2013 TV, Internet priklju\u010dkom, telefonom, sefom\u2026<\/p>\n<p>Svi na\u0161i apartmani imaju balkone s pogledom na more i obli\u017enje pla\u017ee te na Crikveni\u010dku rivijeru.<\/p>\n<p>Dva apartmana su veli\u010dine 35m2 i 56m2, jedan je veli\u010dine 74m2, a dva apartmana su preko 100m2 \u0161to ih \u010dini savr\u0161enim za ve\u0107u grupu ljudi.[\/vc_column_text][vc_empty_space height=&#8221;20px&#8221;][\/vc_column][vc_column width=&#8221;1\/2&#8243;][vc_column_text]<strong>Sobe<\/strong> su opremljene dizajnerskim i ru\u010dno ra\u0111enim namje\u0161tajem u svijetlim i optimisti\u010dnim bojama koji odra\u017eavaju pravu ljepotu hrvatskog primorja i Crikveni\u010dke rivijere. Opremljeni su dizajnerskim i ru\u010dno ra\u0111enim namje\u0161tajem i svaki je obojan u druga\u010diji ton. Sve sobe u hotelu Abalone opremljene su SAT \u2013 TV-om, internet priklju\u010dkom, telefonom, sefom\u2026<\/p>\n<p>Ve\u0107ina na\u0161ih soba ima prostrane balkone s pogledom na more.[\/vc_column_text][vc_empty_space height=&#8221;20px&#8221;][\/vc_column][\/vc_row][vc_row equal_height=&#8221;yes&#8221; content_placement=&#8221;middle&#8221; el_class=&#8221;xt-row xt-grid xt-row-swap&#8221; css=&#8221;.vc_custom_1616875378837{padding-top: 120px !important;padding-bottom: 100px !important;background-color: #f7f7f7 !important;}&#8221;][vc_column width=&#8221;1\/2&#8243;][vc_gallery type=&#8221;flexslider_slide&#8221; interval=&#8221;0&#8243; images=&#8221;2118,2121,2124,2127,2130&#8243; img_size=&#8221;large&#8221;][vc_empty_space height=&#8221;20px&#8221;][\/vc_column][vc_column width=&#8221;1\/2&#8243;][vc_column_text]<\/p>\n<h3>Apartman 35m<sup>2<\/sup><\/h3>\n<p>[\/vc_column_text][vc_column_text]<\/p>\n<h5>2 ODRASLE + 2 DJECE DO 10 GODINA<\/h5>\n<p>[\/vc_column_text][vc_column_text]Sastoji se od velike sobe sa bra\u010dnim krevetom i jednim pomo\u0107nim le\u017eajem za djecu, male kuhinje, kupaonice i balkona s pogledom na more.[\/vc_column_text][vc_empty_space height=&#8221;20px&#8221;][\/vc_column][\/vc_row][vc_row equal_height=&#8221;yes&#8221; content_placement=&#8221;middle&#8221; el_class=&#8221;xt-row xt-grid&#8221; css=&#8221;.vc_custom_1616875510665{padding-top: 120px !important;padding-bottom: 100px !important;background-color: #ffffff !important;}&#8221;][vc_column width=&#8221;1\/2&#8243;][vc_gallery type=&#8221;flexslider_slide&#8221; interval=&#8221;0&#8243; images=&#8221;1058,1060,1062,1064,1066&#8243; img_size=&#8221;large&#8221;][vc_empty_space height=&#8221;20px&#8221;][\/vc_column][vc_column width=&#8221;1\/2&#8243;][vc_column_text]<\/p>\n<h3>Apartman 56m<sup>2<\/sup><\/h3>\n<p>[\/vc_column_text][vc_column_text]<\/p>\n<h5>2 ODRASLE + 2 DJECE DO 10 GODINA<\/h5>\n<p>[\/vc_column_text][vc_column_text]Sastoji se od velike sobe sa bra\u010dnim krevetom i jednim pomo\u0107nim le\u017eajem za djecu, male kuhinje, kupaonice i balkona s pogledom na more.[\/vc_column_text][vc_empty_space height=&#8221;20px&#8221;][\/vc_column][\/vc_row][vc_row equal_height=&#8221;yes&#8221; content_placement=&#8221;middle&#8221; el_class=&#8221;xt-row xt-grid xt-row-swap&#8221; css=&#8221;.vc_custom_1616875378837{padding-top: 120px !important;padding-bottom: 100px !important;background-color: #f7f7f7 !important;}&#8221;][vc_column width=&#8221;1\/2&#8243;][vc_gallery type=&#8221;flexslider_slide&#8221; interval=&#8221;0&#8243; images=&#8221;2137,2140,2143,2146,2149,2152&#8243; img_size=&#8221;large&#8221;][vc_empty_space height=&#8221;20px&#8221;][\/vc_column][vc_column width=&#8221;1\/2&#8243;][vc_column_text]<\/p>\n<h3>Apartman 74m<sup>2<\/sup><\/h3>\n<p>[\/vc_column_text][vc_column_text]<\/p>\n<h5>2 ODRASLE + 2 DJECE<\/h5>\n<p>[\/vc_column_text][vc_column_text]Sastoji se od dnevnog boravka sa kuhinjom i dva pomo\u0107na le\u017eaja za djecu i balkona s pogledom na more, spava\u0107e sobe s bra\u010dnim krevetom s balkonom s pogledom na more i kupaonice.[\/vc_column_text][vc_empty_space height=&#8221;20px&#8221;][\/vc_column][\/vc_row][vc_row equal_height=&#8221;yes&#8221; content_placement=&#8221;middle&#8221; el_class=&#8221;xt-row xt-grid&#8221; css=&#8221;.vc_custom_1616875510665{padding-top: 120px !important;padding-bottom: 100px !important;background-color: #ffffff !important;}&#8221;][vc_column width=&#8221;1\/2&#8243;][vc_gallery type=&#8221;flexslider_slide&#8221; interval=&#8221;0&#8243; images=&#8221;2159,2162,2165,2168,2171,2174,2177,2180,2183,2186,2189&#8243; img_size=&#8221;large&#8221;][vc_empty_space height=&#8221;20px&#8221;][\/vc_column][vc_column width=&#8221;1\/2&#8243;][vc_column_text]<\/p>\n<h3>Apartman 110m<sup>2<\/sup><\/h3>\n<p>[\/vc_column_text][vc_column_text]<\/p>\n<h5>4 ODRASLE + 2 DJECE DO 10 GOD<\/h5>\n<p>[\/vc_column_text][vc_column_text]Sastoji se od dnevnog boravka sa kuhinjom i jednim pomo\u0107nim le\u017eajem za djecu, 2 spava\u0107e sobe s bra\u010dnim krevetom, 2 kupaonice i velike terase s pogledom na more.[\/vc_column_text][vc_empty_space height=&#8221;20px&#8221;][\/vc_column][\/vc_row][vc_row equal_height=&#8221;yes&#8221; content_placement=&#8221;middle&#8221; el_class=&#8221;xt-row xt-grid xt-row-swap&#8221; css=&#8221;.vc_custom_1616875378837{padding-top: 120px !important;padding-bottom: 100px !important;background-color: #f7f7f7 !important;}&#8221;][vc_column width=&#8221;1\/2&#8243;][vc_gallery type=&#8221;flexslider_slide&#8221; interval=&#8221;0&#8243; images=&#8221;2197,2200,2203,2206,2209,2212,2215,2218,2221,2224,2227,2230&#8243; img_size=&#8221;large&#8221;][vc_empty_space height=&#8221;20px&#8221;][\/vc_column][vc_column width=&#8221;1\/2&#8243;][vc_column_text]<\/p>\n<h3>Apartman 100m<sup>2<\/sup><\/h3>\n<p>[\/vc_column_text][vc_column_text]<\/p>\n<h5>6 ODRASLIH + 2 DJECE DO 10 GOD<\/h5>\n<p>[\/vc_column_text][vc_column_text]Ovaj dvoeta\u017eni apartman, sastoji se od dnevnog boravka sa kuhinjom i pomo\u0107nim le\u017eajem za djecu i balkona s pogledom na more, 1 spava\u0107e sobe s balkonom, 1 kupaonice.<\/p>\n<p><strong>Na drugom katu je velika spava\u0107a soba s kupaonicom<\/strong>[\/vc_column_text][vc_empty_space height=&#8221;20px&#8221;][\/vc_column][\/vc_row][vc_row equal_height=&#8221;yes&#8221; content_placement=&#8221;middle&#8221; el_class=&#8221;xt-row xt-grid&#8221; css=&#8221;.vc_custom_1616875510665{padding-top: 120px !important;padding-bottom: 100px !important;background-color: #ffffff !important;}&#8221;][vc_column width=&#8221;1\/2&#8243;][vc_gallery type=&#8221;flexslider_slide&#8221; interval=&#8221;0&#8243; images=&#8221;2237,2240,2243,2246,2249,2252,2255,2258,2261&#8243; img_size=&#8221;large&#8221;][vc_empty_space height=&#8221;20px&#8221;][\/vc_column][vc_column width=&#8221;1\/2&#8243;][vc_column_text]<\/p>\n<h3>Sobe<\/h3>\n<p>[\/vc_column_text][vc_column_text]<\/p>\n<h5>HOTEL IMA DVIJE VRSTE DVOKREVETNIH SOBA:<\/h5>\n<p>[\/vc_column_text][vc_empty_space height=&#8221;20px&#8221;][vc_column_text]<\/p>\n<ul>\n<li>Sobe s pogledom na park s bra\u010dnim ili dva odvojena kreveta, kupaonicom i malim balkonom.<\/li>\n<li>Sobe s pogledom na more sa bra\u010dnim krevetima, kupaonicom i balkonom.<\/li>\n<\/ul>\n<p>[\/vc_column_text][vc_empty_space height=&#8221;20px&#8221;][\/vc_column][\/vc_row][vc_row el_class=&#8221;xt-row xt-grid&#8221; css=&#8221;.vc_custom_1618742345696{padding-top: 80px !important;padding-bottom: 80px !important;background-image: url(https:\/\/abalone.hr\/wp-content\/uploads\/2021\/02\/app1.jpg?id=434) !important;background-position: center !important;background-repeat: no-repeat !important;background-size: cover !important;}&#8221;][vc_column width=&#8221;1\/2&#8243;][xtf_elements_holder background_color=&#8221;#ffffff&#8221; number_of_columns=&#8221;one_column&#8221;][xtf_elements_holder_item advanced_animations=&#8221;no&#8221; custom_class=&#8221;xt-hotel-cta&#8221; item_padding=&#8221;10%&#8221;][vc_column_text]<\/p>\n<p style=\"text-align: center;\">ALTERNATIVNI SMJE\u0160TAJ<\/p>\n<p>[\/vc_column_text][vc_empty_space height=&#8221;20px&#8221;][vc_column_text]<\/p>\n<h2 style=\"text-align: center;\">Apartmani Abalone<\/h2>\n<p>[\/vc_column_text][vc_column_text]<\/p>\n<p style=\"text-align: center;\">Ako niste prona\u0161li smje\u0161taj koji vam je dra\u017ei, posjetite neki od na\u0161ih objekata s ne\u0161to druga\u010dijom vrstom smje\u0161taja. Svidjet \u0107e vam se jednako dobro!<\/p>\n<p>[\/vc_column_text]<div class=\"xt-button-wrap center\"><a class=\" xt-button--gold xt-button\" href=\"https:\/\/abalone.hr\/hr\/apartmani\/\" style=\"margin-top:30px; \">ISTRA\u017dI<\/a><\/div>[\/xtf_elements_holder_item][\/xtf_elements_holder][\/vc_column][vc_column width=&#8221;1\/2&#8243;][\/vc_column][\/vc_row]<\/p>\n<\/div>","protected":false},"excerpt":{"rendered":"<p>[vc_row equal_height=&#8221;yes&#8221; content_placement=&#8221;bottom&#8221; parallax=&#8221;content-moving&#8221; parallax_image=&#8221;1017&#8243; css=&#8221;.vc_custom_1622114358621{padding-top: 100px !important;padding-bottom: 80px !important;background-position: center;background-repeat: no-repeat !important;background-size: cover !important;}&#8221; el_class=&#8221;xt-grid xt-banner&#8221;][vc_column el_class=&#8221;xt-white&#8221; offset=&#8221;vc_col-lg-offset-3 vc_col-lg-6&#8243;][vc_column_text &#8230; <a title=\"Smje\u0161taj\" class=\"read-more\" href=\"https:\/\/abalone.hr\/hr\/abalone-hotel\/smjestaj\/\" aria-label=\"Read more about Smje\u0161taj\">Pro\u010ditaj vi\u0161e<\/a><\/p>\n","protected":false},"author":4,"featured_media":0,"parent":1376,"menu_order":0,"comment_status":"closed","ping_status":"closed","template":"page-visual.php","meta":{"_acf_changed":false,"footnotes":""},"class_list":["post-1325","page","type-page","status-publish"],"acf":[],"_links":{"self":[{"href":"https:\/\/abalone.hr\/hr\/wp-json\/wp\/v2\/pages\/1325","targetHints":{"allow":["GET"]}}],"collection":[{"href":"https:\/\/abalone.hr\/hr\/wp-json\/wp\/v2\/pages"}],"about":[{"href":"https:\/\/abalone.hr\/hr\/wp-json\/wp\/v2\/types\/page"}],"author":[{"embeddable":true,"href":"https:\/\/abalone.hr\/hr\/wp-json\/wp\/v2\/users\/4"}],"replies":[{"embeddable":true,"href":"https:\/\/abalone.hr\/hr\/wp-json\/wp\/v2\/comments?post=1325"}],"version-history":[{"count":17,"href":"https:\/\/abalone.hr\/hr\/wp-json\/wp\/v2\/pages\/1325\/revisions"}],"predecessor-version":[{"id":2264,"href":"https:\/\/abalone.hr\/hr\/wp-json\/wp\/v2\/pages\/1325\/revisions\/2264"}],"up":[{"embeddable":true,"href":"https:\/\/abalone.hr\/hr\/wp-json\/wp\/v2\/pages\/1376"}],"wp:attachment":[{"href":"https:\/\/abalone.hr\/hr\/wp-json\/wp\/v2\/media?parent=1325"}],"curies":[{"name":"wp","href":"https:\/\/api.w.org\/{rel}","templated":true}]}}