{"id":1575,"date":"2022-04-02T16:44:29","date_gmt":"2022-04-02T14:44:29","guid":{"rendered":"https:\/\/abalone.hr\/?page_id=1575"},"modified":"2023-02-20T09:52:54","modified_gmt":"2023-02-20T08:52:54","slug":"accommodation","status":"publish","type":"page","link":"https:\/\/abalone.hr\/de\/hotel\/accommodation\/","title":{"rendered":"Accommodation"},"content":{"rendered":"<div class=\"wpb-content-wrapper\"><p>[vc_row equal_height=&#8220;yes&#8220; content_placement=&#8220;bottom&#8220; parallax=&#8220;content-moving&#8220; parallax_image=&#8220;1017&#8243; css=&#8220;.vc_custom_1622114358621{padding-top: 100px !important;padding-bottom: 80px !important;background-position: center;background-repeat: no-repeat !important;background-size: cover !important;}&#8220; el_class=&#8220;xt-grid xt-banner&#8220;][vc_column el_class=&#8220;xt-white&#8220; offset=&#8220;vc_col-lg-offset-3 vc_col-lg-6&#8243;][vc_column_text css_animation=&#8220;none&#8220;]<\/p>\n<h1 style=\"text-align: center;\">Unterkunft<\/h1>\n<p>[\/vc_column_text][vc_empty_space height=&#8220;20px&#8220;][\/vc_column][\/vc_row][vc_row css=&#8220;.vc_custom_1618750202480{padding-top: 80px !important;padding-bottom: 60px !important;}&#8220; el_class=&#8220;xt-row xt-grid&#8220;][vc_column width=&#8220;1\/2&#8243;][vc_column_text]<strong>Unsere Apartments<\/strong> sind gro\u00df und ger\u00e4umig, mit Designerm\u00f6beln und handgefertigkten M\u00f6beln einger\u00e4umt, die Ihnen einen perfekten Urlaub in Kroatien garantieren. Sie sind ausgestattet mit Satellitenprogrammen, Internetanschluss, Telefon, Schlie\u00dffach&#8230;<\/p>\n<p>Alle unsere Apartments verf\u00fcgen \u00fcber einen Balkon mit Blick auf das Meer und die nahe gelegenen Str\u00e4nde, sowie auf die Riviera von Crikvenica.<\/p>\n<p>Zwei Apartments sind 35 m2 und 56 m2 gro\u00df, eines 74 m2 und zwei Apartments sind \u00fcber 100 m2 gro\u00df, was sie perfekt f\u00fcr eine gr\u00f6\u00dfere Gruppe von Personen macht.[\/vc_column_text][vc_empty_space height=&#8220;20px&#8220;][\/vc_column][vc_column width=&#8220;1\/2&#8243;][vc_column_text]<strong>Die Zimmer<\/strong> sind mit Designerm\u00f6beln und handgefertigkten M\u00f6beln in hellen und optimistischen Farben ausgestattet, die die wahre Sch\u00f6nheit der kroatischen K\u00fcste und der Riviera von Crikvenica widerspiegeln. Sie sind mit Designerm\u00f6beln und handgefertigkten M\u00f6beln ausgestattet, und jedes ist in eine andere Nuance gef\u00e4rbt. Alle Zimmer im Hotel Abalone sind mit Satellitenprogrammen, Internetanschluss, Telefon, Schlie\u00dffach usw. ausgestattet.<\/p>\n<p>Die meisten unserer Zimmer verf\u00fcgen \u00fcber ger\u00e4umige Balkone mit Meerblick.[\/vc_column_text][vc_empty_space height=&#8220;20px&#8220;][\/vc_column][\/vc_row][vc_row equal_height=&#8220;yes&#8220; content_placement=&#8220;middle&#8220; el_class=&#8220;xt-row xt-grid xt-row-swap&#8220; css=&#8220;.vc_custom_1616875378837{padding-top: 120px !important;padding-bottom: 100px !important;background-color: #f7f7f7 !important;}&#8220;][vc_column width=&#8220;1\/2&#8243;][vc_gallery type=&#8220;flexslider_slide&#8220; interval=&#8220;0&#8243; images=&#8220;2120,2123,2126,2129,2132&#8243; img_size=&#8220;large&#8220;][vc_empty_space height=&#8220;20px&#8220;][\/vc_column][vc_column width=&#8220;1\/2&#8243;][vc_column_text]<\/p>\n<h3>Apartment 35m<sup>2<\/sup><\/h3>\n<p>[\/vc_column_text][vc_column_text]<\/p>\n<h5>2 ERWACHSENE + 2 KINDER BIS 10 JAHRE<\/h5>\n<p>[\/vc_column_text][vc_column_text]Es besteht aus einem gro\u00dfen Zimmer mit Doppelbett und einem extra Bett f\u00fcr Kinder, kleiner K\u00fcche, Badezimmer und Balkon mit Meerblick.[\/vc_column_text][vc_empty_space height=&#8220;20px&#8220;][\/vc_column][\/vc_row][vc_row equal_height=&#8220;yes&#8220; content_placement=&#8220;middle&#8220; el_class=&#8220;xt-row xt-grid&#8220; css=&#8220;.vc_custom_1616875510665{padding-top: 120px !important;padding-bottom: 100px !important;background-color: #ffffff !important;}&#8220;][vc_column width=&#8220;1\/2&#8243;][vc_gallery type=&#8220;flexslider_slide&#8220; interval=&#8220;0&#8243; images=&#8220;1334,1335,1336,1337,1338&#8243; img_size=&#8220;large&#8220;][vc_empty_space height=&#8220;20px&#8220;][\/vc_column][vc_column width=&#8220;1\/2&#8243;][vc_column_text]<\/p>\n<h3>Apartment 56m<sup>2<\/sup><\/h3>\n<p>[\/vc_column_text][vc_column_text]<\/p>\n<h5>2 ERWACHSENE + 2 KINDER BIS 10 JAHRE<\/h5>\n<p>[\/vc_column_text][vc_column_text]Es besteht aus einem gro\u00dfen Zimmer mit Doppelbett und einem extra Bett f\u00fcr Kinder, kleiner K\u00fcche, Badezimmer und Balkon mit Meerblick.[\/vc_column_text][vc_empty_space height=&#8220;20px&#8220;][\/vc_column][\/vc_row][vc_row equal_height=&#8220;yes&#8220; content_placement=&#8220;middle&#8220; el_class=&#8220;xt-row xt-grid xt-row-swap&#8220; css=&#8220;.vc_custom_1616875378837{padding-top: 120px !important;padding-bottom: 100px !important;background-color: #f7f7f7 !important;}&#8220;][vc_column width=&#8220;1\/2&#8243;][vc_gallery type=&#8220;flexslider_slide&#8220; interval=&#8220;0&#8243; images=&#8220;2139,2142,2145,2148,2151,2154&#8243; img_size=&#8220;large&#8220;][vc_empty_space height=&#8220;20px&#8220;][\/vc_column][vc_column width=&#8220;1\/2&#8243;][vc_column_text]<\/p>\n<h3>Apartment 74m<sup>2<\/sup><\/h3>\n<p>[\/vc_column_text][vc_column_text]<\/p>\n<h5>2 ERWACHSENE + 2 KINDER<\/h5>\n<p>[\/vc_column_text][vc_column_text]Es besteht aus einem Wohnzimmer mit K\u00fcche und zwei extra Betten f\u00fcr Kinder und einem Balkon mit Meerblick, einem Schlafzimmer mit Doppelbett und einem Balkon mit Meerblick, sowie einem Badezimmer.[\/vc_column_text][vc_empty_space height=&#8220;20px&#8220;][\/vc_column][\/vc_row][vc_row equal_height=&#8220;yes&#8220; content_placement=&#8220;middle&#8220; el_class=&#8220;xt-row xt-grid&#8220; css=&#8220;.vc_custom_1616875510665{padding-top: 120px !important;padding-bottom: 100px !important;background-color: #ffffff !important;}&#8220;][vc_column width=&#8220;1\/2&#8243;][vc_gallery type=&#8220;flexslider_slide&#8220; interval=&#8220;0&#8243; images=&#8220;2161,2164,2167,2170,2173,2176,2179,2182,2185,2188,2191&#8243; img_size=&#8220;large&#8220;][vc_empty_space height=&#8220;20px&#8220;][\/vc_column][vc_column width=&#8220;1\/2&#8243;][vc_column_text]<\/p>\n<h3>Apartment 110m<sup>2<\/sup><\/h3>\n<p>[\/vc_column_text][vc_column_text]<\/p>\n<h5>2 ERWACHSENE + 2 KINDER BIS 10 JAHRE<\/h5>\n<p>[\/vc_column_text][vc_column_text]Es besteht aus einem Wohnzimmer mit K\u00fcche und einem extra Bett f\u00fcr Kinder, 2 Schlafzimmern mit Doppelbett, 2 Badezimmern und einer gro\u00dfen Terrasse mit Meerblick.[\/vc_column_text][vc_empty_space height=&#8220;20px&#8220;][\/vc_column][\/vc_row][vc_row equal_height=&#8220;yes&#8220; content_placement=&#8220;middle&#8220; el_class=&#8220;xt-row xt-grid xt-row-swap&#8220; css=&#8220;.vc_custom_1616875378837{padding-top: 120px !important;padding-bottom: 100px !important;background-color: #f7f7f7 !important;}&#8220;][vc_column width=&#8220;1\/2&#8243;][vc_gallery type=&#8220;flexslider_slide&#8220; interval=&#8220;0&#8243; images=&#8220;2199,2202,2205,2208,2211,2214,2217,2220,2223,2226,2229,2232&#8243; img_size=&#8220;large&#8220;][vc_empty_space height=&#8220;20px&#8220;][\/vc_column][vc_column width=&#8220;1\/2&#8243;][vc_column_text]<\/p>\n<h3>Apartment 100m<sup>2<\/sup><\/h3>\n<p>[\/vc_column_text][vc_column_text]<\/p>\n<h5>6 ERWACHSENE + 2 KINDER BIS 10 JAHRE<\/h5>\n<p>[\/vc_column_text][vc_column_text]Dieses Maisonette-Apartment besteht aus einem Wohnzimmer mit K\u00fcche und einem extra Bett f\u00fcr Kinder sowie einem Balkon mit Meerblick, 1 Schlafzimmer mit Balkon, 1 Badezimmer.<\/p>\n<p><strong>In der zweiten Etage ist ein gro\u00dfes Schlafzimmer mit Badezimmer.<\/strong>[\/vc_column_text][vc_empty_space height=&#8220;20px&#8220;][\/vc_column][\/vc_row][vc_row equal_height=&#8220;yes&#8220; content_placement=&#8220;middle&#8220; el_class=&#8220;xt-row xt-grid&#8220; css=&#8220;.vc_custom_1616875510665{padding-top: 120px !important;padding-bottom: 100px !important;background-color: #ffffff !important;}&#8220;][vc_column width=&#8220;1\/2&#8243;][vc_gallery type=&#8220;flexslider_slide&#8220; interval=&#8220;0&#8243; images=&#8220;2239,2242,2245,2248,2251,2254,2257,2260,2263&#8243; img_size=&#8220;large&#8220;][vc_empty_space height=&#8220;20px&#8220;][\/vc_column][vc_column width=&#8220;1\/2&#8243;][vc_column_text]<\/p>\n<h3>Zimmer<\/h3>\n<p>[\/vc_column_text][vc_column_text]<\/p>\n<h5>DAS HOTEL VERF\u00dcGT \u00dcBER ZWEI ARTEN VON DOPPELZIMMER:<\/h5>\n<p>[\/vc_column_text][vc_empty_space height=&#8220;20px&#8220;][vc_column_text]<\/p>\n<ul>\n<li>Zimmer mit Parkblick, Doppelbetten oder zwei Einzelbetten, Badezimmer und kleinem Balkon.<\/li>\n<li>Zimmer mit Meerblick mit Doppelbetten, Badezimmer und Balkon.<\/li>\n<\/ul>\n<p>[\/vc_column_text][vc_empty_space height=&#8220;20px&#8220;][\/vc_column][\/vc_row][vc_row el_class=&#8220;xt-row xt-grid&#8220; css=&#8220;.vc_custom_1618742345696{padding-top: 80px !important;padding-bottom: 80px !important;background-image: url(https:\/\/abalone.hr\/wp-content\/uploads\/2021\/02\/app1.jpg?id=434) !important;background-position: center !important;background-repeat: no-repeat !important;background-size: cover !important;}&#8220;][vc_column width=&#8220;1\/2&#8243;][xtf_elements_holder background_color=&#8220;#ffffff&#8220; number_of_columns=&#8220;one_column&#8220;][xtf_elements_holder_item advanced_animations=&#8220;no&#8220; custom_class=&#8220;xt-hotel-cta&#8220; item_padding=&#8220;10%&#8220;][vc_column_text]<\/p>\n<p style=\"text-align: center;\">ALTERNATIVE UNTERKUNFT<\/p>\n<p>[\/vc_column_text][vc_empty_space height=&#8220;20px&#8220;][vc_column_text]<\/p>\n<h2 style=\"text-align: center;\">Apartments Abalone<\/h2>\n<p>[\/vc_column_text][vc_column_text]<\/p>\n<p style=\"text-align: center;\">Wenn Sie Ihre bevorzugte Unterkunft nicht gefunden haben, besuchen Sie eines unserer Objekte mit einer etwas anderen Unterkunftsart. Sie gefallen Ihnen genauso gut!<\/p>\n<p>[\/vc_column_text]<div class=\"xt-button-wrap center\"><a class=\" xt-button--gold xt-button\" href=\"https:\/\/abalone.hr\/de\/apartments\/\" style=\"margin-top:30px; \">ENTDECKEN<\/a><\/div>[\/xtf_elements_holder_item][\/xtf_elements_holder][\/vc_column][vc_column width=&#8220;1\/2&#8243;][\/vc_column][\/vc_row]<\/p>\n<\/div>","protected":false},"excerpt":{"rendered":"<p>[vc_row equal_height=&#8220;yes&#8220; content_placement=&#8220;bottom&#8220; parallax=&#8220;content-moving&#8220; parallax_image=&#8220;1017&#8243; css=&#8220;.vc_custom_1622114358621{padding-top: 100px !important;padding-bottom: 80px !important;background-position: center;background-repeat: no-repeat !important;background-size: cover !important;}&#8220; el_class=&#8220;xt-grid xt-banner&#8220;][vc_column el_class=&#8220;xt-white&#8220; offset=&#8220;vc_col-lg-offset-3 vc_col-lg-6&#8243;][vc_column_text &#8230; <a title=\"Accommodation\" class=\"read-more\" href=\"https:\/\/abalone.hr\/de\/hotel\/accommodation\/\" aria-label=\"Mehr Informationen \u00fcber Accommodation\">Weiterlesen &#8230;<\/a><\/p>\n","protected":false},"author":4,"featured_media":0,"parent":1573,"menu_order":0,"comment_status":"closed","ping_status":"closed","template":"page-visual.php","meta":{"_acf_changed":false,"footnotes":""},"class_list":["post-1575","page","type-page","status-publish"],"acf":[],"_links":{"self":[{"href":"https:\/\/abalone.hr\/de\/wp-json\/wp\/v2\/pages\/1575","targetHints":{"allow":["GET"]}}],"collection":[{"href":"https:\/\/abalone.hr\/de\/wp-json\/wp\/v2\/pages"}],"about":[{"href":"https:\/\/abalone.hr\/de\/wp-json\/wp\/v2\/types\/page"}],"author":[{"embeddable":true,"href":"https:\/\/abalone.hr\/de\/wp-json\/wp\/v2\/users\/4"}],"replies":[{"embeddable":true,"href":"https:\/\/abalone.hr\/de\/wp-json\/wp\/v2\/comments?post=1575"}],"version-history":[{"count":25,"href":"https:\/\/abalone.hr\/de\/wp-json\/wp\/v2\/pages\/1575\/revisions"}],"predecessor-version":[{"id":2267,"href":"https:\/\/abalone.hr\/de\/wp-json\/wp\/v2\/pages\/1575\/revisions\/2267"}],"up":[{"embeddable":true,"href":"https:\/\/abalone.hr\/de\/wp-json\/wp\/v2\/pages\/1573"}],"wp:attachment":[{"href":"https:\/\/abalone.hr\/de\/wp-json\/wp\/v2\/media?parent=1575"}],"curies":[{"name":"wp","href":"https:\/\/api.w.org\/{rel}","templated":true}]}}