{"id":1574,"date":"2022-04-02T16:44:19","date_gmt":"2022-04-02T14:44:19","guid":{"rendered":"https:\/\/abalone.hr\/?page_id=1574"},"modified":"2023-04-28T10:43:03","modified_gmt":"2023-04-28T08:43:03","slug":"about-hotel","status":"publish","type":"page","link":"https:\/\/abalone.hr\/de\/hotel\/about-hotel\/","title":{"rendered":"\u00dcber Hotel"},"content":{"rendered":"<div class=\"wpb-content-wrapper\"><p>[vc_row equal_height=&#8220;yes&#8220; content_placement=&#8220;bottom&#8220; parallax=&#8220;content-moving&#8220; parallax_image=&#8220;2278&#8243; parallax_speed_bg=&#8220;1&#8243; css=&#8220;.vc_custom_1676885770447{padding-top: 100px !important;padding-bottom: 80px !important;background-position: center;background-repeat: no-repeat !important;background-size: cover !important;}&#8220; el_class=&#8220;xt-grid xt-banner&#8220;][vc_column el_class=&#8220;xt-white&#8220; offset=&#8220;vc_col-lg-offset-3 vc_col-lg-6&#8243;][vc_column_text css_animation=&#8220;none&#8220;]<\/p>\n<h1 style=\"text-align: center;\">\u00dcber Abalone hotel<\/h1>\n<p>[\/vc_column_text][vc_empty_space height=&#8220;20px&#8220;][\/vc_column][\/vc_row][vc_row el_class=&#8220;xt-row xt-grid&#8220; css=&#8220;.vc_custom_1616885615854{padding-top: 120px !important;padding-bottom: 100px !important;}&#8220;][vc_column width=&#8220;1\/2&#8243;][vc_column_text]<\/p>\n<h2>Hotel Abalone<\/h2>\n<p>Das Hotel befindet sich im n\u00f6rdlichen Bereich der Kvarner Bucht, in dem malerischen Ort Dramalj, gleich in der N\u00e4he des touristischen Ortes Crikvenica. Die ganze Ortschaft und deren Umgebung bieten verschiedene Naturattraktionen, Str\u00e4nde, Restaurants und Bars.<\/p>\n<p>W\u00e4hlen Sie den Typ der Unterkunft nach Ihren W\u00fcnschen aus, und wir bem\u00fchen uns, Ihre Erwartungen zu erf\u00fcllen, je nachdem, was Ihnen wichtig ist, Meerblick oder Zimmer zu einem niedrigeren Preis. Unser Team steht Ihnen zur Verf\u00fcgung f\u00fcr jeden Typ der Unterkunft, ob Sie ein Zimmer oder ein Apartment suchen. Alle unserer Zimmer und Apartments im Hotel Abalone sich mit Designerm\u00f6beln und handgefertigkten M\u00f6beln ausgestattet.<\/p>\n<p>Buchen Sie Ihren n\u00e4chsten Urlaub in Kroatien in den wundersch\u00f6nen Zimmern und Apartments des Hotels Abalone in Dramalj in der N\u00e4he von Crikvenica!<br \/>\n[\/vc_column_text][vc_empty_space height=&#8220;20px&#8220;]<a class=\" xt-button--blue xt-button\" href=\"https:\/\/abalone.hr\/de\/book\/\" style=\" \">JETZT BUCHEN<\/a>[vc_empty_space height=&#8220;20px&#8220;][\/vc_column][vc_column width=&#8220;1\/2&#8243;][vc_single_image image=&#8220;1420&#8243; img_size=&#8220;large&#8220; alignment=&#8220;center&#8220; onclick=&#8220;link_image&#8220; el_class=&#8220;xt-img-side&#8220;][vc_single_image image=&#8220;1419&#8243; img_size=&#8220;large&#8220; alignment=&#8220;center&#8220; onclick=&#8220;link_image&#8220; el_class=&#8220;xt-img-side&#8220;][vc_empty_space height=&#8220;20px&#8220;][\/vc_column][\/vc_row][vc_row el_class=&#8220;xt-row xt-grid xt-center&#8220; css=&#8220;.vc_custom_1616927074512{padding-top: 120px !important;padding-bottom: 100px !important;background-color: #f7f7f7 !important;}&#8220; el_id=&#8220;features&#8220;][vc_column][vc_column_text]<\/p>\n<h2>Dienstleistungen und Eigenschaften<\/h2>\n<p>[\/vc_column_text][vc_empty_space height=&#8220;30px&#8220;][vc_empty_space height=&#8220;30px&#8220;][vc_row_inner equal_height=&#8220;yes&#8220; el_class=&#8220;xt-left&#8220;][vc_column_inner width=&#8220;1\/3&#8243;][vc_single_image image=&#8220;1415&#8243; img_size=&#8220;full&#8220; alignment=&#8220;center&#8220;][vc_empty_space height=&#8220;20px&#8220;][vc_column_text]<\/p>\n<h4>Fr\u00fchst\u00fcck<\/h4>\n<p>[\/vc_column_text][vc_column_text]Das Fr\u00fchst\u00fcck wird von 07:30 bis 10:30 Uhr serviert.<\/p>\n<p>Genie\u00dfen Sie Ihr Fr\u00fchst\u00fcck im Restaurant oder an einer unserer Au\u00dfenterrassen. Das Hotel Abalone bietet ein reichhaltiges und vielf\u00e4ltiges Buffet f\u00fcr jeden Geschmack.[\/vc_column_text][vc_empty_space height=&#8220;20px&#8220;][\/vc_column_inner][vc_column_inner width=&#8220;1\/3&#8243;][vc_single_image image=&#8220;1417&#8243; img_size=&#8220;full&#8220; alignment=&#8220;center&#8220;][vc_empty_space height=&#8220;20px&#8220;][vc_column_text]<\/p>\n<h4>Zimmerservice<\/h4>\n<p>[\/vc_column_text][vc_column_text]Wenn Sie Ihr Zimmer nicht verlassen m\u00f6chten, servieren wir Ihnen nach vorheriger Absprache das Fr\u00fchst\u00fcck im Zimmer ohne gesonderte Zahlung.<\/p>\n<p>Das Personal des Hotels Abalone ist f\u00fcr Sie da, um Ihren Urlaub so angenehm wie m\u00f6glich zu gestalten.<br \/>\n[\/vc_column_text][vc_empty_space height=&#8220;20px&#8220;][\/vc_column_inner][vc_column_inner width=&#8220;1\/3&#8243;][vc_single_image image=&#8220;2273&#8243; img_size=&#8220;full&#8220; alignment=&#8220;center&#8220;][vc_empty_space height=&#8220;20px&#8220;][vc_column_text]<\/p>\n<h4>Pool<\/h4>\n<p>[\/vc_column_text][vc_column_text]Wir haben Luxus auf die n\u00e4chste Stufe gehoben, indem wir einen neuen beheizten Au\u00dfenpool gebaut haben.<\/p>\n<p>Der Pool befindet sich im umschlossenen Garten mit Liegest\u00fchlen neben dem Pool.<br \/>\n[\/vc_column_text][vc_empty_space height=&#8220;20px&#8220;][\/vc_column_inner][\/vc_row_inner][vc_row_inner equal_height=&#8220;yes&#8220; el_class=&#8220;xt-left&#8220;][vc_column_inner width=&#8220;1\/3&#8243;][vc_single_image image=&#8220;1416&#8243; img_size=&#8220;full&#8220; alignment=&#8220;center&#8220;][vc_empty_space height=&#8220;20px&#8220;][vc_column_text]<\/p>\n<h4>Die mediterrane Sommerterrasse<\/h4>\n<p>[\/vc_column_text][vc_column_text]Entspannen Sie sich im Schatten jahrhundertealter Zedern und erfrischen Sie sich mit einem Getr\u00e4nk von unserer Bar. Nichts ist so erholsam wie die Entspannung auf der mediterranen Sommerterrasse des Hotels.[\/vc_column_text][vc_empty_space height=&#8220;20px&#8220;][\/vc_column_inner][vc_column_inner width=&#8220;1\/3&#8243;][vc_single_image image=&#8220;1413&#8243; img_size=&#8220;full&#8220; alignment=&#8220;center&#8220;][vc_empty_space height=&#8220;20px&#8220;][vc_column_text]<\/p>\n<h4>Spielbereich f\u00fcr Kinder<\/h4>\n<p>[\/vc_column_text][vc_column_text]Wir haben auch an unsere kleine G\u00e4ste gedacht und deshalb einen Teil unseres Raums nur f\u00fcr sie reserviert. Das Spielbereich f\u00fcr die Kleinsten befindet sich in der N\u00e4he des Au\u00dfenpools.[\/vc_column_text][vc_empty_space height=&#8220;20px&#8220;][\/vc_column_inner][vc_column_inner width=&#8220;1\/3&#8243;][vc_single_image image=&#8220;1414&#8243; img_size=&#8220;full&#8220; alignment=&#8220;center&#8220;][vc_empty_space height=&#8220;20px&#8220;][vc_column_text]<\/p>\n<h4>Garage und Parkplatz<\/h4>\n<p>[\/vc_column_text][vc_column_text]Buchen Sie Ihren Aufenthalt unbedingt mit einem markierten Stellplatz in der Garage. Die Tagesgeb\u00fchr betr\u00e4gt 15 \u20ac.<\/p>\n<p>Je nach Verf\u00fcgbarkeit k\u00f6nnen Sie Ihr Fahrzeug kostenlos vor dem Hotel parken. Die Buchung eines Au\u00dfenstellplatzes ist nicht m\u00f6glich.[\/vc_column_text][vc_empty_space height=&#8220;20px&#8220;][\/vc_column_inner][\/vc_row_inner][\/vc_column][\/vc_row][vc_row el_class=&#8220;xt-row xt-grid&#8220; css=&#8220;.vc_custom_1616885615854{padding-top: 120px !important;padding-bottom: 100px !important;}&#8220;][vc_column width=&#8220;1\/2&#8243;][vc_column_text]<\/p>\n<h2>Str\u00e4nde<\/h2>\n<p>Die Riviera von Crikvenica ist reich an wundersch\u00f6nen Buchten und Str\u00e4nden. Einige von ihnen befinden sich an abgelegenen Orten, weswegen Sie perfekt zum Entdecken sind, aber auch zum Genie\u00dfen der Ruhe.<\/p>\n<p>Die anderen Str\u00e4nde in Crikvenica bieten alle Inhalte, die moderne Strandbesucher und Touristen beanspruchen, inklusive Duschen und eingerichtete Liegewiesen.<\/p>\n<p>Einige Str\u00e4nde sind Sandstr\u00e4nde und andere Kiesstr\u00e4nde, aber alle sind sauber und ordentlich, und die sch\u00f6ne Adria ist nur einen Schritt entfernt.[\/vc_column_text][vc_empty_space height=&#8220;20px&#8220;][\/vc_column][vc_column width=&#8220;1\/2&#8243;][vc_single_image image=&#8220;1387&#8243; img_size=&#8220;full&#8220;][vc_empty_space height=&#8220;20px&#8220;][\/vc_column][\/vc_row][vc_row el_class=&#8220;xt-row xt-grid xt-row-swap&#8220; css=&#8220;.vc_custom_1616887740269{padding-top: 120px !important;padding-bottom: 100px !important;background-color: #f7f7f7 !important;}&#8220;][vc_column width=&#8220;1\/2&#8243;][vc_column_text]<\/p>\n<h2>Hochzeiten<\/h2>\n<p>Das Hotel Abalone bietet die Organisation kleiner Boutique-Hochzeiten an, die nicht Monate im Voraus geplant werden m\u00fcssen.<\/p>\n<p>Geschenk des Hotels Abalone f\u00fcr das Brautpaar:<\/p>\n<ul>\n<li>Flitterwochen-Apartment<\/li>\n<li>Sekt im Apartment<\/li>\n<li>Im Apartment serviertes Fr\u00fchst\u00fcck<\/li>\n<\/ul>\n<p>Zus\u00e4tzliche Dienstleistungen, die f\u00fcr diesen Anlass ben\u00f6tigt werden, k\u00f6nnen zu erschwinglichen Preisen nach den W\u00fcnschen des Brautpaares arrangiert werden:<\/p>\n<ul>\n<li>Vereinbarung \u00fcber Mengen und Arten der Getr\u00e4nke<\/li>\n<li>Auswahl der Blumenarrangements<\/li>\n<li>Auswahl der Dekorationen f\u00fcr den Hochzeitsort<\/li>\n<\/ul>\n<p>Unterkunft f\u00fcr die G\u00e4ste F\u00fcr alle Informationen kontaktieren Sie uns unter\u00a0<a href=\"mailto:info@abalone.hr\"><strong>info@abalone.hr<\/strong><\/a>\u00a0oder der Telefonnummer\u00a0<a href=\"tel:+38551690100\"><strong>+385 (0)51 690 100<\/strong><\/a>.[\/vc_column_text][vc_empty_space height=&#8220;20px&#8220;][\/vc_column][vc_column width=&#8220;1\/2&#8243;][vc_single_image image=&#8220;1412&#8243; img_size=&#8220;full&#8220;][vc_empty_space height=&#8220;20px&#8220;][\/vc_column][\/vc_row]<\/p>\n<\/div>","protected":false},"excerpt":{"rendered":"<p>[vc_row equal_height=&#8220;yes&#8220; content_placement=&#8220;bottom&#8220; parallax=&#8220;content-moving&#8220; parallax_image=&#8220;2278&#8243; parallax_speed_bg=&#8220;1&#8243; css=&#8220;.vc_custom_1676885770447{padding-top: 100px !important;padding-bottom: 80px !important;background-position: center;background-repeat: no-repeat !important;background-size: cover !important;}&#8220; el_class=&#8220;xt-grid xt-banner&#8220;][vc_column el_class=&#8220;xt-white&#8220; offset=&#8220;vc_col-lg-offset-3 &#8230; <a title=\"\u00dcber Hotel\" class=\"read-more\" href=\"https:\/\/abalone.hr\/de\/hotel\/about-hotel\/\" aria-label=\"Mehr Informationen \u00fcber \u00dcber Hotel\">Weiterlesen &#8230;<\/a><\/p>\n","protected":false},"author":4,"featured_media":0,"parent":1573,"menu_order":0,"comment_status":"closed","ping_status":"closed","template":"page-visual.php","meta":{"_acf_changed":false,"footnotes":""},"class_list":["post-1574","page","type-page","status-publish"],"acf":[],"_links":{"self":[{"href":"https:\/\/abalone.hr\/de\/wp-json\/wp\/v2\/pages\/1574","targetHints":{"allow":["GET"]}}],"collection":[{"href":"https:\/\/abalone.hr\/de\/wp-json\/wp\/v2\/pages"}],"about":[{"href":"https:\/\/abalone.hr\/de\/wp-json\/wp\/v2\/types\/page"}],"author":[{"embeddable":true,"href":"https:\/\/abalone.hr\/de\/wp-json\/wp\/v2\/users\/4"}],"replies":[{"embeddable":true,"href":"https:\/\/abalone.hr\/de\/wp-json\/wp\/v2\/comments?post=1574"}],"version-history":[{"count":10,"href":"https:\/\/abalone.hr\/de\/wp-json\/wp\/v2\/pages\/1574\/revisions"}],"predecessor-version":[{"id":2327,"href":"https:\/\/abalone.hr\/de\/wp-json\/wp\/v2\/pages\/1574\/revisions\/2327"}],"up":[{"embeddable":true,"href":"https:\/\/abalone.hr\/de\/wp-json\/wp\/v2\/pages\/1573"}],"wp:attachment":[{"href":"https:\/\/abalone.hr\/de\/wp-json\/wp\/v2\/media?parent=1574"}],"curies":[{"name":"wp","href":"https:\/\/api.w.org\/{rel}","templated":true}]}}